{"id":7258,"date":"2025-11-26T13:24:44","date_gmt":"2025-11-26T12:24:44","guid":{"rendered":"https:\/\/ecl-pisarka.pl\/?post_type=product&#038;p=7258"},"modified":"2025-12-05T11:00:34","modified_gmt":"2025-12-05T10:00:34","slug":"ebook-zakazany-maz","status":"publish","type":"product","link":"https:\/\/ecl-pisarka.pl\/index.php\/produkt\/ebook-zakazany-maz\/","title":{"rendered":"ebook ZAKAZANY M\u0104\u017b Ewelina C Lisowska Mobi"},"content":{"rendered":"<h2 style=\"text-align: center;\">ebook ZAKAZANY M\u0104\u017b<\/h2>\n<p style=\"text-align: center;\">Seria Mi\u0142osny Hiatus tom. 1.<\/p>\n<h2 style=\"text-align: center;\">Ewelina C Lisowska<\/h2>\n<figure id=\"attachment_7259\" aria-describedby=\"caption-attachment-7259\" style=\"width: 2560px\" class=\"wp-caption alignnone\"><img loading=\"lazy\" decoding=\"async\" class=\"wp-image-7259 size-full\" src=\"https:\/\/ecl-pisarka.pl\/wp-content\/uploads\/2025\/11\/6.jpg\" alt=\"ebook Zakazany M\u0105\u017c Ewelina C Lisowska romans wsp\u00f3\u0142czesny\" width=\"2560\" height=\"1440\" srcset=\"https:\/\/ecl-pisarka.pl\/wp-content\/uploads\/2025\/11\/6.jpg 2560w, https:\/\/ecl-pisarka.pl\/wp-content\/uploads\/2025\/11\/6-300x169.jpg 300w, https:\/\/ecl-pisarka.pl\/wp-content\/uploads\/2025\/11\/6-1024x576.jpg 1024w, https:\/\/ecl-pisarka.pl\/wp-content\/uploads\/2025\/11\/6-768x432.jpg 768w, https:\/\/ecl-pisarka.pl\/wp-content\/uploads\/2025\/11\/6-1536x864.jpg 1536w, https:\/\/ecl-pisarka.pl\/wp-content\/uploads\/2025\/11\/6-2048x1152.jpg 2048w, https:\/\/ecl-pisarka.pl\/wp-content\/uploads\/2025\/11\/6-600x338.jpg 600w\" sizes=\"auto, (max-width: 2560px) 100vw, 2560px\" \/><figcaption id=\"caption-attachment-7259\" class=\"wp-caption-text\">ebook Zakazany M\u0105\u017c Ewelina C Lisowska romans wsp\u00f3\u0142czesny<\/figcaption><\/figure>\n<p>&nbsp;<\/p>\n<p>&nbsp;<\/p>\n","protected":false},"excerpt":{"rendered":"<p><strong>Ewelina C Lisowska<\/strong><\/p>\n<p><strong>ZAKAZANY M\u0104\u017b<\/strong><\/p>\n<p><strong>seria Mi\u0142osny Hiatus<\/strong><\/p>\n<p><strong>romans erotyczny<\/strong><\/p>\n<p><strong>Premiera 6 grudnia 2025<\/strong><\/p>\n<p><strong>Wydawnictwo Romanse<\/strong><\/p>\n<p>&nbsp;<\/p>\n<p>Ebook PDF<\/p>\n<p>Druk Ridero Ksi\u0105\u017cki<\/p>\n<p>Druk Amazon<\/p>\n<p>&nbsp;<\/p>\n<h1>O czym jest ebook ZAKAZANY M\u0104\u017b?<\/h1>\n<p>Eliza jest 17letni\u0105 uczennic\u0105 w szkole z internatem, prowadzonej przez zakonnice. Ko\u0144czy si\u0119 czas jej nauki i dziewczyna musi teraz zdecydowa\u0107, co chce dalej zrobi\u0107 ze swoim \u017cyciem. \u017byczeniem rodzic\u00f3w jest, aby dziewczyna posz\u0142a do zakonu. Alternatyw\u0105 jest ma\u0142\u017ce\u0144stwo. <strong>P\u00f3\u0142 roku przed sko\u0144czeniem szko\u0142y Eliza otrzymuje propozycj\u0119: ma\u0142\u017ce\u0144stwo z rozs\u0105dku z gejem, kt\u00f3ry zapewni jej utrzymanie.<\/strong> Eliza zgadza si\u0119 i musi odt\u0105d stosowa\u0107 si\u0119 do dziwacznego Kodeksu post\u0119powania wzgl\u0119dem m\u0119\u017ca. Dziewczyna zakochuje si\u0119 w m\u0119\u017cu i odt\u0105d zaczyna si\u0119 jej m\u0119ka. Los Elizy zdaje si\u0119 by\u0107 przes\u0105dzony. A jednak ka\u017cdego kolejnego dnia dziewczyna prze\u0142amuje dystans Alberta, a on wpuszcza j\u0105 powoli do swojego \u015bwiata. Kim tak naprawd\u0119 jest Albert Broll i dlaczego sta\u0142 si\u0119 tak trudnym cz\u0142owiekiem?<\/p>\n<p>\u201e<a href=\"https:\/\/ecl-pisarka.pl\/index.php\/2025\/11\/25\/zakazany-maz\/\">Zakazany M\u0105\u017c<\/a>\u201d to pierwszy tom serii romans\u00f3w MI\u0141OSNY HIATUS. Jest to romans wsp\u00f3\u0142czesny o zabarwieniu erotycznym, kt\u00f3ry powinny czyta\u0107 tylko osoby doros\u0142e 18+<\/p>\n<p>&nbsp;<\/p>\n<h2>Czym jest Mi\u0142osny Hiatus?<\/h2>\n<p>Najlepiej odpowie sama autorka:<\/p>\n<blockquote><p><em>A czym jest \u201ehiatus\u201d i jak mo\u017cesz go rozumie\u0107 w tym d\u017awi\u0119cznym po\u0142\u0105czeniu z \u201eMi\u0142o\u015bci\u0105\u201d? Hiatus czyli przerwa, hiatus mi\u0142osny czyli przerwa na ksi\u0105\u017ck\u0119 o mi\u0142o\u015bci. Albo hiatus rozumiany jak rzadko wyst\u0119puj\u0105ce w j\u0119zyku polskim s\u0105siedztwo dw\u00f3ch samog\u0142osek w wyrazie. Czy\u017c to nie jest idealna metafora tej ksi\u0105\u017cki? Tak, bo musia\u0142 nast\u0105pi\u0107 hiatus, \u017ceby po\u0142\u0105czy\u0107 w tym szalonym \u015bwiecie dwie tak pasuj\u0105ce do siebie osoby\u2026<\/em><\/p>\n<h2><strong><a href=\"https:\/\/www.youtube.com\/watch?v=s63fJY6WeNc\">Ewelina C Lisowska o swojej ksi\u0105\u017cce&#8230;<\/a><\/strong><\/h2>\n<\/blockquote>\n<p>&nbsp;<\/p>\n<h3>Fragment ksi\u0105\u017cki<\/h3>\n<p>&nbsp;<\/p>\n","protected":false},"featured_media":7257,"template":"","meta":[],"product_brand":[],"product_cat":[317],"product_tag":[50,138,166],"class_list":{"0":"post-7258","1":"product","2":"type-product","3":"status-publish","4":"has-post-thumbnail","6":"product_cat-zakazany-maz","7":"product_tag-ebook","8":"product_tag-ebook-mobi","9":"product_tag-romans-wspolczesny","11":"first","12":"instock","13":"taxable","14":"shipping-taxable","15":"purchasable","16":"product-type-simple"},"_links":{"self":[{"href":"https:\/\/ecl-pisarka.pl\/index.php\/wp-json\/wp\/v2\/product\/7258","targetHints":{"allow":["GET"]}}],"collection":[{"href":"https:\/\/ecl-pisarka.pl\/index.php\/wp-json\/wp\/v2\/product"}],"about":[{"href":"https:\/\/ecl-pisarka.pl\/index.php\/wp-json\/wp\/v2\/types\/product"}],"wp:featuredmedia":[{"embeddable":true,"href":"https:\/\/ecl-pisarka.pl\/index.php\/wp-json\/wp\/v2\/media\/7257"}],"wp:attachment":[{"href":"https:\/\/ecl-pisarka.pl\/index.php\/wp-json\/wp\/v2\/media?parent=7258"}],"wp:term":[{"taxonomy":"product_brand","embeddable":true,"href":"https:\/\/ecl-pisarka.pl\/index.php\/wp-json\/wp\/v2\/product_brand?post=7258"},{"taxonomy":"product_cat","embeddable":true,"href":"https:\/\/ecl-pisarka.pl\/index.php\/wp-json\/wp\/v2\/product_cat?post=7258"},{"taxonomy":"product_tag","embeddable":true,"href":"https:\/\/ecl-pisarka.pl\/index.php\/wp-json\/wp\/v2\/product_tag?post=7258"}],"curies":[{"name":"wp","href":"https:\/\/api.w.org\/{rel}","templated":true}]}}