{"id":96,"date":"2019-08-09T16:28:34","date_gmt":"2019-08-09T16:28:34","guid":{"rendered":"http:\/\/ecl-pisarka.pl\/?post_type=product&#038;p=96"},"modified":"2024-02-05T19:06:10","modified_gmt":"2024-02-05T18:06:10","slug":"substytuty-milosci-ebook-pdf","status":"publish","type":"product","link":"https:\/\/ecl-pisarka.pl\/index.php\/produkt\/substytuty-milosci-ebook-pdf\/","title":{"rendered":"Ewelina C Lisowska SUBSTYTUTY MI\u0141O\u015aCI ebook PDF"},"content":{"rendered":"<h2 style=\"text-align: center;\">Ewelina C Lisowska<\/h2>\n<h1 style=\"text-align: center;\">Substytuty Mi\u0142o\u015bci<\/h1>\n<h3 style=\"text-align: center;\">ebook PDF<\/h3>\n<p>&nbsp;<\/p>\n<p><img loading=\"lazy\" decoding=\"async\" class=\"aligncenter wp-image-4874 size-full\" src=\"https:\/\/ecl-pisarka.pl\/wp-content\/uploads\/2019\/08\/Sybstytuty-Milosci.jpg\" alt=\"\" width=\"2240\" height=\"1260\" srcset=\"https:\/\/ecl-pisarka.pl\/wp-content\/uploads\/2019\/08\/Sybstytuty-Milosci.jpg 2240w, https:\/\/ecl-pisarka.pl\/wp-content\/uploads\/2019\/08\/Sybstytuty-Milosci-300x169.jpg 300w, https:\/\/ecl-pisarka.pl\/wp-content\/uploads\/2019\/08\/Sybstytuty-Milosci-1024x576.jpg 1024w, https:\/\/ecl-pisarka.pl\/wp-content\/uploads\/2019\/08\/Sybstytuty-Milosci-768x432.jpg 768w, https:\/\/ecl-pisarka.pl\/wp-content\/uploads\/2019\/08\/Sybstytuty-Milosci-1536x864.jpg 1536w, https:\/\/ecl-pisarka.pl\/wp-content\/uploads\/2019\/08\/Sybstytuty-Milosci-2048x1152.jpg 2048w, https:\/\/ecl-pisarka.pl\/wp-content\/uploads\/2019\/08\/Sybstytuty-Milosci-400x225.jpg 400w\" sizes=\"auto, (max-width: 2240px) 100vw, 2240px\" \/><\/p>\n<h3 style=\"text-align: center;\"><strong>Wi\u0119cej na temat ksi\u0105\u017cki tutaj <a href=\"https:\/\/ecl-pisarka.pl\/index.php\/category\/substytuty-milosci-romans-wspolczesny\/\">SUBSTYTUTY MI\u0141O\u015aCI<\/a><\/strong><\/h3>\n<p style=\"text-align: center;\">Zobacz cytaty z ksi\u0105\u017cki na <a href=\"https:\/\/pl.pinterest.com\/napisz0304\/_created\/\" target=\"_blank\" rel=\"noopener\">PINTEREST<\/a> oraz <a href=\"https:\/\/stylowi.pl\/ewelina_capanda_1989\" target=\"_blank\" rel=\"noopener\">STYLOWI.PL<\/a><\/p>\n<p>&nbsp;<\/p>\n<h2><strong>Spis tre<\/strong><strong>\u015b<\/strong><strong>ci<\/strong><\/h2>\n<p><strong>\u00a0<\/strong><\/p>\n<ol>\n<li>\u00a0<strong>Izabella May &#8211; narz\u0119dzie ma\u0142\u017ce\u0144skiej zdrady\u2026..8.<\/strong><\/li>\n<li>\u00a0<strong>Prostytutka w\u015br\u00f3d elit\u2026..9.<\/strong><\/li>\n<li>\u00a0<strong>Zagubiony ch\u0142opiec\u2026..12.<\/strong><\/li>\n<li><strong>Niebia\u0144ski Serafin\u2026..13.<\/strong><\/li>\n<li>\u00a0<strong>Przebudzone pragnienia\u2026..15.<\/strong><\/li>\n<li>\u00a0<strong>Duchowny i \u201enieczysta\u201d\u2026..16.<\/strong><\/li>\n<li><strong>Gra pozor\u00f3w\u2026..18.<\/strong><\/li>\n<li>\u00a0<strong>W sam\u0105 por\u0119\u2026..21.<\/strong><\/li>\n<li>\u00a0<strong>Mi\u0142osna ekscytacja\u2026..22.<\/strong><\/li>\n<li>\u00a0<strong>C\u00f3rka Boga\u2026..23.<\/strong><\/li>\n<\/ol>\n<div class=\"su-spoiler su-spoiler-style-default su-spoiler-icon-plus su-spoiler-closed\" data-scroll-offset=\"0\" data-anchor-in-url=\"no\"><div class=\"su-spoiler-title\" tabindex=\"0\" role=\"button\"><span class=\"su-spoiler-icon\"><\/span>Czytaj dalej<\/div><div class=\"su-spoiler-content su-u-clearfix su-u-trim\">\n<ol>\n<li><strong>Niezrozumia\u0142e pragnienia\u2026..25.<\/strong><\/li>\n<li>\u00a0<strong>Ka\u017cdy w swoj\u0105 stron\u0119\u2026..27.<\/strong><\/li>\n<li>\u00a0<strong>Nielegalnie wzbudzona t\u0119sknota\u2026..29.<\/strong><\/li>\n<li><strong> Wspania\u0142y facet\u2026..31.<\/strong><\/li>\n<li><strong> T\u0142umione pragnienia\u2026..34.<\/strong><\/li>\n<li><strong> Kaprysy m\u0142odego Kleina\u2026..37.<\/strong><\/li>\n<li><strong> Pierwsza rozmowa z Bogiem\u2026..41.<\/strong><\/li>\n<li><strong> Podle zakochany\u2026..44.<\/strong><\/li>\n<li><strong> Rozdzieleni\u2026..46.<\/strong><\/li>\n<li><strong> Ten pierwszy krok\u2026..49.<\/strong><\/li>\n<li><strong> Spe\u0142nienie modlitw\u2026..52.<\/strong><\/li>\n<li><strong> Uciekaj\u0105c na o\u015blep\u2026..54.<\/strong><\/li>\n<li><strong> Szukaj\u0105c Marii\u2026..57.<\/strong><\/li>\n<li><strong> R\u00f3\u017cowa pantera\u2026..60.<\/strong><\/li>\n<li><strong> B\u00f3g jest Mi\u0142o\u015bci\u0105\u2026..62.<\/strong><\/li>\n<li><strong> Zraniona dusza\u2026..64.<\/strong><\/li>\n<li><strong> Historia jej \u017cycia\u2026..66.<\/strong><\/li>\n<li><strong> \u017bebraczka i grzesznica\u2026..68.<\/strong><\/li>\n<li><strong> Akt oczyszczenia\u2026..70.<\/strong><\/li>\n<li><strong> Biskup\u2026..72.<\/strong><\/li>\n<li><strong> Czas na zmiany\u2026..73.<\/strong><\/li>\n<li><strong> Wsp\u00f3lne chwile\u2026..76.<\/strong><\/li>\n<li><strong> Druga rozmowa z Bogiem\u2026..79.<\/strong><\/li>\n<li><strong> \u0141ap\u00f3wka\u2026..81.<\/strong><\/li>\n<li><strong> Na granicy \u015bmierci\u2026..84.<\/strong><\/li>\n<li><strong> Nora\u2026..86.<\/strong><\/li>\n<li><strong> Sesja zdj\u0119ciowa\u2026..87.<\/strong><\/li>\n<li><strong> Trzecia rozmowa z Bogiem\u2026..90.<\/strong><\/li>\n<li><strong> Nowa praca\u2026..92.<\/strong><\/li>\n<li><strong> Czwarta rozmowa z Bogiem\u2026..94.<\/strong><\/li>\n<li><strong> Pi\u0105ta rozmowa z Bogiem\u2026..95.<\/strong><\/li>\n<li><strong> Sesja indywidualna\u2026..97.<\/strong><\/li>\n<li><strong> Sekretarka\u2026..98.<\/strong><\/li>\n<li><strong> Homoseksualizm\u2026..100.<\/strong><\/li>\n<li><strong> Msza \u015bwi\u0119ta\u2026..103.<\/strong><\/li>\n<li><strong> Sefi umar\u0142\u2026..104.<\/strong><\/li>\n<li><strong> Szukaj\u0105c niewidzialnego\u2026..106.<\/strong><\/li>\n<li><strong> Szukaj\u0105c Serafina\u2026..109.<\/strong><\/li>\n<li><strong> Historia Serafina\u2026..112.<\/strong><\/li>\n<li><strong> Sekretarka pana Kleina\u2026..114.<\/strong><\/li>\n<li><strong> Pijane smutki\u2026..118.<\/strong><\/li>\n<li><strong> Zjawa\u2026..120.<\/strong><\/li>\n<li><strong> W\u015bciek\u0142y szef\u2026..123.<\/strong><\/li>\n<li><strong> Halinka\u2026..125.<\/strong><\/li>\n<li><strong> Sz\u00f3sta rozmowa z Bogiem\u2026..129.<\/strong><\/li>\n<li><strong> Si\u00f3dma rozmowa z Bogiem\u2026..131.<\/strong><\/li>\n<li><strong> Tu\u017c za ni\u0105\u2026..132.<\/strong><\/li>\n<li><strong> Mi\u0142osierny Stw\u00f3rca\u2026..134.<\/strong><\/li>\n<li><strong> Kleinowie\u2026..137.<\/strong><\/li>\n<li><strong> Nienormalna rodzina\u2026..141.<\/strong><\/li>\n<li><strong> Ojciec i syn\u2026..144.<\/strong><\/li>\n<li><strong> Biedna Sandra\u2026..147.<\/strong><\/li>\n<li><strong> \u00d3sma rozmowa z Bogiem\u2026..150.<\/strong><\/li>\n<li><strong> Szczera rozmowa\u2026..152.<\/strong><\/li>\n<li><strong> Damian i Sandra\u2026..154.<\/strong><\/li>\n<li><strong> Potajemna schadzka\u2026..156.<\/strong><\/li>\n<li><strong> Pr\u00f3ba samob\u00f3jcza\u2026..158.<\/strong><\/li>\n<li><strong> Ocean nie do przebycia\u2026..160.<\/strong><\/li>\n<li><strong> Odleg\u0142e planety\u2026..163.<\/strong><\/li>\n<li><strong> Substytuty Mi\u0142o\u015bci\u2026..165.<\/strong><\/li>\n<li><strong> Komunia z Cia\u0142a i Krwi\u2026..168.<\/strong><\/li>\n<li><strong> Zakon\u2026..170.<\/strong><\/li>\n<li><strong> Test\u2026..172.<\/strong><\/li>\n<li><strong> Kara boska\u2026.174.<\/strong><\/li>\n<li><strong> G\u0142os serca\u2026..175.<\/strong><\/li>\n<li><strong> Ostateczna rezygnacja\u2026..177.<\/strong><\/li>\n<li><strong> Wr\u00f3\u017cba\u2026..179.<\/strong><\/li>\n<li><strong> Kolejna rozmowa z Bogiem\u2026..180.<\/strong><\/li>\n<li><strong> Powr\u00f3t do przesz\u0142o\u015bci\u2026..182.<\/strong><\/li>\n<li><strong> Mi\u0142o\u015b\u0107 Boga do cz\u0142owieka\u2026..184.<\/strong><\/li>\n<li><strong> Brat Albert\u2026..185.<\/strong><\/li>\n<li><strong> Samotno\u015b\u0107\u2026..187.<\/strong><\/li>\n<li><strong> Zmartwychwsta\u0142a zjawa\u2026..188.<\/strong><\/li>\n<li><strong> Sprzeczne emocje\u2026..190.<\/strong><\/li>\n<li><strong> Dyskusja z Bogiem\u2026..192.<\/strong><\/li>\n<li><strong> Nigdy was nie opuszcz\u0119\u2026..194.<\/strong><\/li>\n<li><strong> Sen przymierza i list pojednania\u2026..196.<\/strong><\/li>\n<li><strong> Razem\u2026..199.<\/strong><\/li>\n<li><strong> Jego Ekscelencja\u2026..201.<\/strong><\/li>\n<li><strong>Fragmenty z Pisma \u015awi\u0119tego\u2026..203.<\/strong><\/li>\n<li><strong>O autorce\u2026..204.<\/strong><\/li>\n<\/ol>\n<\/div><\/div>\n<p>&nbsp;<\/p>\n","protected":false},"excerpt":{"rendered":"<h2 style=\"text-align: center;\">Ewelina C Lisowska<\/h2>\n<h1 style=\"text-align: center;\">SUBSTYTUTY MI\u0141O\u015aCI ebook PDF<\/h1>\n<h2 style=\"text-align: center;\"><em>Historia mi\u0142o\u015bci mi\u0119dzy sacrum i profanum<\/em><\/h2>\n<p>Wydawnictwo Romanse<\/p>\n<p>Romans wsp\u00f3\u0142czesny, duchowo\u015b\u0107<\/p>\n<p>ISBN ebooka PDF 978-83-955314-0-8<\/p>\n<p>Data wydania: 09.04.2019<\/p>\n<p>Ilo\u015b\u0107 stron A4: 204<\/p>\n<p>&nbsp;<\/p>\n<p><a href=\"https:\/\/ecl-pisarka.pl\/index.php\/produkt\/substytuty-milosci-ewelina-c-lisowska-ksiazka-drukowana\/\">Substytuty Mi\u0142o\u015bci ksi\u0105\u017cka<\/a><\/p>\n<p><a href=\"https:\/\/ecl-pisarka.pl\/index.php\/produkt\/substytuty-milosci-ebook-mobi\/\">Substytuty Mi\u0142o\u015bci MOBI<\/a><\/p>\n<p><a href=\"https:\/\/ecl-pisarka.pl\/index.php\/produkt\/substytuty-milosci-ebook-epub\/\">Substytuty Mi\u0142o\u015bci EPUB<\/a><\/p>\n<p><a href=\"https:\/\/ecl-pisarka.pl\/index.php\/2021\/11\/09\/substytuty-milosci-fragment-ksiazki\/\"><strong>Przeczytaj darmowy fragment tekstu<\/strong><\/a><\/p>\n<p>&nbsp;<\/p>\n<p>&nbsp;<\/p>\n<h1 style=\"text-align: center;\">Substytuty Mi\u0142o\u015bci &#8211; opis<\/h1>\n<p><strong>SUBSTYTUTY MI\u0141O\u015aCI ebook PDF<\/strong><\/p>\n<p>Maria i Serafin pochodz\u0105 z dw\u00f3ch r\u00f3\u017cnych \u015bwiat\u00f3w. Ona jest m\u0142odziutk\u0105 prostytutk\u0105, on ma 27 lat i ma zamiar zosta\u0107 ksi\u0119dzem. \u0141\u0105czy ich zakazana mi\u0142o\u015b\u0107 pomi\u0119dzy tym co \u015bwi\u0119te i czyste, a tym, co brudne i niegodne. A jednak pomi\u0119dzy sacrum i profanum jest miejsce na mi\u0142o\u015b\u0107 i to tak\u0105 pisan\u0105 przez du\u017ce \u201eM\u201d. Tych dwoje spotka si\u0119 na balu sylwestrowym, Serafin zjawi si\u0119 na nim ze swoj\u0105 rodzin\u0105, Maria u boku swojego sponsora. Gdy tylko m\u0142ody m\u0119\u017cczyzna dowie si\u0119, czym zajmuje si\u0119 ta \u015bliczna i urocza dziewczyna, postanowi natychmiast j\u0105 nawr\u00f3ci\u0107. Jak to si\u0119 sko\u0144czy?<\/p>\n<h2>Wzruszaj\u0105ca historia o mi\u0142o\u015bci<\/h2>\n<p>Troska w sercu m\u0119\u017cczyzny przerodzi si\u0119 w mi\u0142o\u015b\u0107, kt\u00f3ra mi\u0119dzy tymi dwojgiem b\u0119dzie uczuciem bardziej ni\u017c niepowo\u0142anym w oczach duchowie\u0144stwa oraz g\u0142\u00f3wnych bohater\u00f3w romansu. Maria b\u0119dzie musia\u0142a znikn\u0105\u0107 z \u017cycia ukochanego m\u0119\u017cczyzny, ale zanim to si\u0119 stanie, prze\u017cyj\u0105 kilka pi\u0119knych dni otoczeni wzajemn\u0105 mi\u0142o\u015bci\u0105 i trosk\u0105. Obarczona wyrzutami sumienia Maria b\u0119dzie mia\u0142a ogromne skrupu\u0142y i wyrzuty sumienia, \u017ce sprowadza \u015bwi\u0119tego cz\u0142owieka na z\u0142\u0105 drog\u0119. Serafin skieruje jej my\u015bli ku Bogu, kt\u00f3ry odegra w tej historii rol\u0119 niebagateln\u0105.<\/p>\n<h2>Rozmowy z Bogiem<\/h2>\n<p><strong><a href=\"https:\/\/ecl-pisarka.pl\/index.php\/kategoria-produktu\/ksiazki-romanse-wspolczesne\/substytuty-milosci\/\">SUBSTYTUTY MI\u0141O\u015aCI<\/a> ebook PDF<\/strong> to jedna z tych niepowtarzalnych hybryd \u0142\u0105cz\u0105cych z pozoru nie pasuj\u0105ce do siebie elementy. Po\u0142\u0105czenie romansu wsp\u00f3\u0142czesnego oraz powie\u015bci religijnej to prawdziwa nowo\u015b\u0107. G\u0142\u00f3wna bohaterka romansu nawr\u00f3ci si\u0119 i zacznie rozmawia\u0107 z Bogiem, b\u0119dzie s\u0142ysza\u0142a jego odpowiedzi. O czym mo\u017ce rozmawia\u0107 upad\u0142a dusza z Istot\u0105 niesko\u0144czenie doskona\u0142\u0105 i dobr\u0105? Jak\u0105 rol\u0119 odegra B\u00f3g w \u017cyciu Serafina i Marysi? Czym s\u0105 tytu\u0142owe \u201eSubstytuty Mi\u0142o\u015bci\u201d?<\/p>\n<h2>Premiera 2018<\/h2>\n<p>Powie\u015b\u0107 by\u0142a wydawana kilkakrotnie. Pisarka Ewelina C.Lisowska wyda\u0142a j\u0105 najpierw w Ridero, a p\u00f3\u017aniej dwukrotnie pod logiem swojego wydawnictwa DO CZYTANIA\u2026 Poszukiwania odpowiedniej oprawy graficznej oraz wzbogacenie tre\u015bci doprowadzi\u0142y do wydania ksi\u0105\u017cki w wersji papierowej ko\u0144cem 2020 roku. <strong>SUBSTYTUTY MI\u0141O\u015aCI ebook PDF <\/strong>mo\u017cna zakupi\u0107 w e-KSI\u0118GARNI wydawnictwa DO CZYTANIA\u2026<\/p>\n","protected":false},"featured_media":5208,"template":"","meta":[],"product_brand":[],"product_cat":[196,47,197,205],"product_tag":[50,137,161,262,166,64],"class_list":{"0":"post-96","1":"product","2":"type-product","3":"status-publish","4":"has-post-thumbnail","6":"product_cat-ebook-romanse-wspolczesne","7":"product_cat-ebooki","8":"product_cat-powiesci-religijne","9":"product_cat-substytuty-milosci","10":"product_tag-ebook","11":"product_tag-ebook-pdf","12":"product_tag-ewelina-c-lisowska","13":"product_tag-powiesci-religijne","14":"product_tag-romans-wspolczesny","15":"product_tag-substytuty-milosci","17":"first","18":"instock","19":"taxable","20":"shipping-taxable","21":"purchasable","22":"product-type-simple"},"_links":{"self":[{"href":"https:\/\/ecl-pisarka.pl\/index.php\/wp-json\/wp\/v2\/product\/96","targetHints":{"allow":["GET"]}}],"collection":[{"href":"https:\/\/ecl-pisarka.pl\/index.php\/wp-json\/wp\/v2\/product"}],"about":[{"href":"https:\/\/ecl-pisarka.pl\/index.php\/wp-json\/wp\/v2\/types\/product"}],"wp:featuredmedia":[{"embeddable":true,"href":"https:\/\/ecl-pisarka.pl\/index.php\/wp-json\/wp\/v2\/media\/5208"}],"wp:attachment":[{"href":"https:\/\/ecl-pisarka.pl\/index.php\/wp-json\/wp\/v2\/media?parent=96"}],"wp:term":[{"taxonomy":"product_brand","embeddable":true,"href":"https:\/\/ecl-pisarka.pl\/index.php\/wp-json\/wp\/v2\/product_brand?post=96"},{"taxonomy":"product_cat","embeddable":true,"href":"https:\/\/ecl-pisarka.pl\/index.php\/wp-json\/wp\/v2\/product_cat?post=96"},{"taxonomy":"product_tag","embeddable":true,"href":"https:\/\/ecl-pisarka.pl\/index.php\/wp-json\/wp\/v2\/product_tag?post=96"}],"curies":[{"name":"wp","href":"https:\/\/api.w.org\/{rel}","templated":true}]}}